{"id":6521,"date":"2026-03-11T22:36:45","date_gmt":"2026-03-12T03:36:45","guid":{"rendered":"https:\/\/marcelabellini.com\/photo\/paramo-landscape-5\/"},"modified":"2026-04-11T00:02:55","modified_gmt":"2026-04-11T05:02:55","slug":"paramo-landscape-5","status":"publish","type":"product","link":"https:\/\/marcelabellini.com\/en\/photo\/paramo-landscape-5\/","title":{"rendered":"P\u00e1ramo Landscape #5"},"content":{"rendered":"","protected":false},"excerpt":{"rendered":"<p><strong>Series:<\/strong> P\u00e1ramo, The Water\u2019s Path<br \/>\n<strong>Title:<\/strong> P\u00e1ramo Landscape #5<br \/>\n<strong>Location:<\/strong> P\u00e1ramo de Chil\u00ed &#8211; Barrag\u00e1n, Sevilla, Valle del Cauca, Colombia<br \/>\n<strong>Technique:<\/strong> Black and white digital photography<br \/>\n<strong>Materials:<\/strong> Metallic 100% cotton paper<br \/>\n<strong>Year:<\/strong> 2026<br \/>\n<strong>Size:<\/strong> 55 cm x 83 cm<br \/>\n<strong>Print run:<\/strong> 1\/10<\/p>\n","protected":false},"featured_media":6244,"template":"","meta":{"_seopress_robots_primary_cat":"none","_seopress_titles_title":"","_seopress_titles_desc":"","_seopress_robots_index":"","inline_featured_image":false},"product_brand":[],"product_cat":[102],"product_tag":[62],"class_list":{"0":"post-6521","1":"product","2":"type-product","3":"status-publish","4":"has-post-thumbnail","6":"product_cat-paramo-the-water-path","7":"product_tag-horizontal-en","9":"first","10":"instock","11":"shipping-taxable","12":"purchasable","13":"product-type-simple"},"_links":{"self":[{"href":"https:\/\/marcelabellini.com\/en\/wp-json\/wp\/v2\/product\/6521","targetHints":{"allow":["GET"]}}],"collection":[{"href":"https:\/\/marcelabellini.com\/en\/wp-json\/wp\/v2\/product"}],"about":[{"href":"https:\/\/marcelabellini.com\/en\/wp-json\/wp\/v2\/types\/product"}],"wp:featuredmedia":[{"embeddable":true,"href":"https:\/\/marcelabellini.com\/en\/wp-json\/wp\/v2\/media\/6244"}],"wp:attachment":[{"href":"https:\/\/marcelabellini.com\/en\/wp-json\/wp\/v2\/media?parent=6521"}],"wp:term":[{"taxonomy":"product_brand","embeddable":true,"href":"https:\/\/marcelabellini.com\/en\/wp-json\/wp\/v2\/product_brand?post=6521"},{"taxonomy":"product_cat","embeddable":true,"href":"https:\/\/marcelabellini.com\/en\/wp-json\/wp\/v2\/product_cat?post=6521"},{"taxonomy":"product_tag","embeddable":true,"href":"https:\/\/marcelabellini.com\/en\/wp-json\/wp\/v2\/product_tag?post=6521"}],"curies":[{"name":"wp","href":"https:\/\/api.w.org\/{rel}","templated":true}]}}