{"id":6514,"date":"2026-03-11T22:36:44","date_gmt":"2026-03-12T03:36:44","guid":{"rendered":"https:\/\/marcelabellini.com\/photo\/frailejon-6\/"},"modified":"2026-04-16T09:17:53","modified_gmt":"2026-04-16T14:17:53","slug":"frailejon-6","status":"publish","type":"product","link":"https:\/\/marcelabellini.com\/en\/photo\/frailejon-6\/","title":{"rendered":"Frailej\u00f3n #6"},"content":{"rendered":"","protected":false},"excerpt":{"rendered":"<p><strong>Series:<\/strong> The Water\u2019s Path, P\u00e1ramo<br \/>\n<strong>Titles:<\/strong> Frailej\u00f3n #6<br \/>\n<strong>Location:<\/strong> P\u00e1ramo de Chil\u00ed &#8211; Barrag\u00e1n, Sevilla, Valle del Cauca, Colombia<br \/>\n<strong>Technique:<\/strong> Black and white digital photography<br \/>\n<strong>Materials:<\/strong> Metallic 100% cotton paper<br \/>\n<strong>Year:<\/strong> 2026<br \/>\n<strong>Size:<\/strong> 150 cm x 150 cm<br \/>\n<strong>Print run:<\/strong> 1\/10<\/p>\n","protected":false},"featured_media":6284,"template":"","meta":{"_seopress_robots_primary_cat":"none","_seopress_titles_title":"","_seopress_titles_desc":"","_seopress_robots_index":"","inline_featured_image":false},"product_brand":[],"product_cat":[102],"product_tag":[106,84],"class_list":{"0":"post-6514","1":"product","2":"type-product","3":"status-publish","4":"has-post-thumbnail","6":"product_cat-paramo-the-water-path","7":"product_tag-cuadrado-en","8":"product_tag-squared-en","10":"first","11":"instock","12":"shipping-taxable","13":"purchasable","14":"product-type-simple"},"_links":{"self":[{"href":"https:\/\/marcelabellini.com\/en\/wp-json\/wp\/v2\/product\/6514","targetHints":{"allow":["GET"]}}],"collection":[{"href":"https:\/\/marcelabellini.com\/en\/wp-json\/wp\/v2\/product"}],"about":[{"href":"https:\/\/marcelabellini.com\/en\/wp-json\/wp\/v2\/types\/product"}],"wp:featuredmedia":[{"embeddable":true,"href":"https:\/\/marcelabellini.com\/en\/wp-json\/wp\/v2\/media\/6284"}],"wp:attachment":[{"href":"https:\/\/marcelabellini.com\/en\/wp-json\/wp\/v2\/media?parent=6514"}],"wp:term":[{"taxonomy":"product_brand","embeddable":true,"href":"https:\/\/marcelabellini.com\/en\/wp-json\/wp\/v2\/product_brand?post=6514"},{"taxonomy":"product_cat","embeddable":true,"href":"https:\/\/marcelabellini.com\/en\/wp-json\/wp\/v2\/product_cat?post=6514"},{"taxonomy":"product_tag","embeddable":true,"href":"https:\/\/marcelabellini.com\/en\/wp-json\/wp\/v2\/product_tag?post=6514"}],"curies":[{"name":"wp","href":"https:\/\/api.w.org\/{rel}","templated":true}]}}