{"id":6461,"date":"2026-03-11T22:36:43","date_gmt":"2026-03-12T03:36:43","guid":{"rendered":"https:\/\/marcelabellini.com\/photo\/frailejon-leaf-and-water-drop\/"},"modified":"2026-04-16T09:14:30","modified_gmt":"2026-04-16T14:14:30","slug":"frailejon-leaf-and-water-drop","status":"publish","type":"product","link":"https:\/\/marcelabellini.com\/en\/photo\/frailejon-leaf-and-water-drop\/","title":{"rendered":"Frailej\u00f3n Leaf and Water Drop"},"content":{"rendered":"","protected":false},"excerpt":{"rendered":"<p><strong>Series:<\/strong> P\u00e1ramo, The Water\u2019s Path<br \/>\n<strong>Title:<\/strong> Frailej\u00f3n Leaf and Water Drop<br \/>\n<strong>Location:<\/strong> P\u00e1ramo de Chil\u00ed &#8211; Barrag\u00e1n, Sevilla, Valle del Cauca, Colombia<br \/>\n<strong>Technique:<\/strong> Black and white digital photography<br \/>\n<strong>Materials:<\/strong> Metallic 100% cotton paper<br \/>\n<strong>Year:<\/strong> 2026<br \/>\n<strong>Size:<\/strong> 60 cm x 150 cm<br \/>\n<strong>Print run:<\/strong> 1\/10<\/p>\n","protected":false},"featured_media":6352,"template":"","meta":{"_seopress_robots_primary_cat":"none","_seopress_titles_title":"","_seopress_titles_desc":"","_seopress_robots_index":"","inline_featured_image":false},"product_brand":[],"product_cat":[102],"product_tag":[108],"class_list":{"0":"post-6461","1":"product","2":"type-product","3":"status-publish","4":"has-post-thumbnail","6":"product_cat-paramo-the-water-path","7":"product_tag-thin-horizontal-en","9":"first","10":"instock","11":"shipping-taxable","12":"purchasable","13":"product-type-simple"},"_links":{"self":[{"href":"https:\/\/marcelabellini.com\/en\/wp-json\/wp\/v2\/product\/6461","targetHints":{"allow":["GET"]}}],"collection":[{"href":"https:\/\/marcelabellini.com\/en\/wp-json\/wp\/v2\/product"}],"about":[{"href":"https:\/\/marcelabellini.com\/en\/wp-json\/wp\/v2\/types\/product"}],"wp:featuredmedia":[{"embeddable":true,"href":"https:\/\/marcelabellini.com\/en\/wp-json\/wp\/v2\/media\/6352"}],"wp:attachment":[{"href":"https:\/\/marcelabellini.com\/en\/wp-json\/wp\/v2\/media?parent=6461"}],"wp:term":[{"taxonomy":"product_brand","embeddable":true,"href":"https:\/\/marcelabellini.com\/en\/wp-json\/wp\/v2\/product_brand?post=6461"},{"taxonomy":"product_cat","embeddable":true,"href":"https:\/\/marcelabellini.com\/en\/wp-json\/wp\/v2\/product_cat?post=6461"},{"taxonomy":"product_tag","embeddable":true,"href":"https:\/\/marcelabellini.com\/en\/wp-json\/wp\/v2\/product_tag?post=6461"}],"curies":[{"name":"wp","href":"https:\/\/api.w.org\/{rel}","templated":true}]}}