{"id":6445,"date":"2026-04-11T22:36:45","date_gmt":"2026-04-12T03:36:45","guid":{"rendered":"https:\/\/marcelabellini.com\/photo\/frailejones-and-laguna-4\/"},"modified":"2026-04-11T00:02:47","modified_gmt":"2026-04-11T05:02:47","slug":"frailejones-and-laguna-4","status":"publish","type":"product","link":"https:\/\/marcelabellini.com\/en\/photo\/frailejones-and-laguna-4\/","title":{"rendered":"Frailejones and Laguna #4"},"content":{"rendered":"","protected":false},"excerpt":{"rendered":"<p><strong>Series: <\/strong>P\u00e1ramo, The Water\u2019s Path<br \/>\n<strong>Title:<\/strong> Frailejones and Laguna #4<br \/>\n<strong>Location:<\/strong> P\u00e1ramo de Chil\u00ed &#8211; Barrag\u00e1n, Sevilla, Valle del Cauca, Colombia<br \/>\n<strong>Technique:<\/strong> Black and white digital photography<br \/>\n<strong>Materials: <\/strong>Metallic 100% cotton paper<br \/>\n<strong>Year:<\/strong> 2026<br \/>\n<strong>Size:<\/strong> 83 cm x 55 cm<br \/>\n<strong>Print run:<\/strong> 1\/10<\/p>\n","protected":false},"featured_media":6282,"template":"","meta":{"_seopress_robots_primary_cat":"none","_seopress_titles_title":"","_seopress_titles_desc":"","_seopress_robots_index":"","inline_featured_image":false},"product_brand":[],"product_cat":[102],"product_tag":[64],"class_list":{"0":"post-6445","1":"product","2":"type-product","3":"status-publish","4":"has-post-thumbnail","6":"product_cat-paramo-the-water-path","7":"product_tag-vertical-en","9":"first","10":"instock","11":"shipping-taxable","12":"purchasable","13":"product-type-simple"},"_links":{"self":[{"href":"https:\/\/marcelabellini.com\/en\/wp-json\/wp\/v2\/product\/6445","targetHints":{"allow":["GET"]}}],"collection":[{"href":"https:\/\/marcelabellini.com\/en\/wp-json\/wp\/v2\/product"}],"about":[{"href":"https:\/\/marcelabellini.com\/en\/wp-json\/wp\/v2\/types\/product"}],"wp:featuredmedia":[{"embeddable":true,"href":"https:\/\/marcelabellini.com\/en\/wp-json\/wp\/v2\/media\/6282"}],"wp:attachment":[{"href":"https:\/\/marcelabellini.com\/en\/wp-json\/wp\/v2\/media?parent=6445"}],"wp:term":[{"taxonomy":"product_brand","embeddable":true,"href":"https:\/\/marcelabellini.com\/en\/wp-json\/wp\/v2\/product_brand?post=6445"},{"taxonomy":"product_cat","embeddable":true,"href":"https:\/\/marcelabellini.com\/en\/wp-json\/wp\/v2\/product_cat?post=6445"},{"taxonomy":"product_tag","embeddable":true,"href":"https:\/\/marcelabellini.com\/en\/wp-json\/wp\/v2\/product_tag?post=6445"}],"curies":[{"name":"wp","href":"https:\/\/api.w.org\/{rel}","templated":true}]}}