{"id":2949,"date":"2024-08-13T16:59:39","date_gmt":"2024-08-13T21:59:39","guid":{"rendered":"https:\/\/marcelabellini.com\/?page_id=2949"},"modified":"2026-04-24T19:48:35","modified_gmt":"2026-04-25T00:48:35","slug":"marcela-bellini-gallery","status":"publish","type":"page","link":"https:\/\/marcelabellini.com\/en\/","title":{"rendered":"Marcela Bellini Gallery"},"content":{"rendered":"\t\t<div data-elementor-type=\"wp-page\" data-elementor-id=\"2949\" class=\"elementor elementor-2949 elementor-17\" data-elementor-post-type=\"page\">\n\t\t\t\t<div class=\"elementor-element elementor-element-52950e e-flex e-con-boxed e-con e-parent\" data-id=\"52950e\" data-element_type=\"container\" data-e-type=\"container\" data-settings=\"{&quot;background_background&quot;:&quot;classic&quot;,&quot;jet_parallax_layout_list&quot;:[]}\">\n\t\t\t\t\t<div class=\"e-con-inner\">\n\t\t<div class=\"elementor-element elementor-element-2fd0a6a7 e-con-full e-flex e-con e-child\" data-id=\"2fd0a6a7\" data-element_type=\"container\" data-e-type=\"container\" data-settings=\"{&quot;background_background&quot;:&quot;classic&quot;,&quot;jet_parallax_layout_list&quot;:[]}\">\n\t\t\t\t<div class=\"elementor-element elementor-element-78778129 elementor-widget elementor-widget-heading\" data-id=\"78778129\" data-element_type=\"widget\" data-e-type=\"widget\" data-widget_type=\"heading.default\">\n\t\t\t\t<div class=\"elementor-widget-container\">\n\t\t\t\t\t<h1 class=\"elementor-heading-title elementor-size-default\">NOBODY PHOTOGRAPHY<\/h1>\t\t\t\t<\/div>\n\t\t\t\t<\/div>\n\t\t\t\t<div class=\"elementor-element elementor-element-47b55954 elementor-hidden-mobile elementor-widget elementor-widget-text-editor\" data-id=\"47b55954\" data-element_type=\"widget\" data-e-type=\"widget\" data-widget_type=\"text-editor.default\">\n\t\t\t\t<div class=\"elementor-widget-container\">\n\t\t\t\t\t\t\t\t\t<p>My art work is called <b class=\"rich-node rich-node1\" data-toggle=\"tooltip\" data-placement=\"top\" data-original-title=\"This is inside a HTML tag: b\">Nobody Photography<\/b>\u00a0because it is an investigation about\u00a0<b class=\"rich-node rich-node2\" data-toggle=\"tooltip\" data-placement=\"top\" data-original-title=\"This is inside a HTML tag: b\">absence<\/b>. It is an intimate exploration between the observer and the surrounding world. I print on <b class=\"rich-node rich-node3\" data-toggle=\"tooltip\" data-placement=\"top\" data-original-title=\"This is inside a HTML tag: b\">different materials<\/b> making each of my series unique. My black and white images tell stories where perspective and light are the protagonists. Welcome to the world of <b class=\"rich-node rich-node4\" data-toggle=\"tooltip\" data-placement=\"top\" data-original-title=\"This is inside a HTML tag: b\">Nobody Photography.<\/b><\/p>\t\t\t\t\t\t\t\t<\/div>\n\t\t\t\t<\/div>\n\t\t\t\t<div class=\"elementor-element elementor-element-3a5a28b2 elementor-hidden-desktop elementor-hidden-tablet elementor-hidden-widescreen elementor-hidden-laptop elementor-widget elementor-widget-text-editor\" data-id=\"3a5a28b2\" data-element_type=\"widget\" data-e-type=\"widget\" data-widget_type=\"text-editor.default\">\n\t\t\t\t<div class=\"elementor-widget-container\">\n\t\t\t\t\t\t\t\t\t<p>My art work is called <b class=\"rich-node rich-node1\" data-toggle=\"tooltip\" data-placement=\"top\" data-original-title=\"This is inside a HTML tag: b\">Nobody Photography<\/b>\u00a0because it is an investigation about\u00a0<b class=\"rich-node rich-node2\" data-toggle=\"tooltip\" data-placement=\"top\" data-original-title=\"This is inside a HTML tag: b\">absence<\/b>. It is an intimate exploration between the observer and the surrounding world. I print on <b class=\"rich-node rich-node3\" data-toggle=\"tooltip\" data-placement=\"top\" data-original-title=\"This is inside a HTML tag: b\">different materials<\/b> making each of my series unique. My black and white images tell stories where perspective and light are the protagonists. Welcome to the world of <b class=\"rich-node rich-node4\" data-toggle=\"tooltip\" data-placement=\"top\" data-original-title=\"This is inside a HTML tag: b\">Nobody Photography.<\/b><\/p>\t\t\t\t\t\t\t\t<\/div>\n\t\t\t\t<\/div>\n\t\t<div class=\"elementor-element elementor-element-f7c50ea e-con-full e-flex e-con e-child\" data-id=\"f7c50ea\" data-element_type=\"container\" data-e-type=\"container\" data-settings=\"{&quot;jet_parallax_layout_list&quot;:[]}\">\n\t\t\t\t<div class=\"elementor-element elementor-element-60fb95a6 elementor-widget elementor-widget-jet-button\" data-id=\"60fb95a6\" data-element_type=\"widget\" data-e-type=\"widget\" data-widget_type=\"jet-button.default\">\n\t\t\t\t<div class=\"elementor-widget-container\">\n\t\t\t\t\t<div class=\"elementor-jet-button jet-elements\"><div class=\"jet-button__container\">\n\t<a class=\"jet-button__instance jet-button__instance--icon-left hover-effect-0\" href=\"https:\/\/marcelabellini.com\/en\/series\/paramo-the-water-path\">\n\t\t<div class=\"jet-button__plane jet-button__plane-normal\"><\/div>\n\t\t<div class=\"jet-button__plane jet-button__plane-hover\"><\/div>\n\t\t<div class=\"jet-button__state jet-button__state-normal\">\n\t\t\t<span class=\"jet-button__label\">See P\u00e1ramo, The Water\u2019s Path series<\/span>\t\t<\/div>\n\t\t<div class=\"jet-button__state jet-button__state-hover\">\n\t\t\t<span class=\"jet-button__label\">See<\/span>\t\t<\/div>\n\t<\/a>\n<\/div>\n<\/div>\t\t\t\t<\/div>\n\t\t\t\t<\/div>\n\t\t\t\t<div class=\"elementor-element elementor-element-2366610c elementor-widget elementor-widget-jet-button\" data-id=\"2366610c\" data-element_type=\"widget\" data-e-type=\"widget\" data-widget_type=\"jet-button.default\">\n\t\t\t\t<div class=\"elementor-widget-container\">\n\t\t\t\t\t<div class=\"elementor-jet-button jet-elements\"><div class=\"jet-button__container\">\n\t<a class=\"jet-button__instance jet-button__instance--icon-left hover-effect-0\" href=\"https:\/\/marcelabellini.com\/en\/series\/\">\n\t\t<div class=\"jet-button__plane jet-button__plane-normal\"><\/div>\n\t\t<div class=\"jet-button__plane jet-button__plane-hover\"><\/div>\n\t\t<div class=\"jet-button__state jet-button__state-normal\">\n\t\t\t<span class=\"jet-button__label\">See other series<\/span>\t\t<\/div>\n\t\t<div class=\"jet-button__state jet-button__state-hover\">\n\t\t\t<span class=\"jet-button__label\">See<\/span>\t\t<\/div>\n\t<\/a>\n<\/div>\n<\/div>\t\t\t\t<\/div>\n\t\t\t\t<\/div>\n\t\t\t\t<\/div>\n\t\t\t\t<\/div>\n\t\t<div class=\"elementor-element elementor-element-48d556c5 e-con-full e-flex e-con e-child\" data-id=\"48d556c5\" data-element_type=\"container\" data-e-type=\"container\" data-settings=\"{&quot;jet_parallax_layout_list&quot;:[]}\">\n\t\t\t\t<div class=\"elementor-element elementor-element-0716729 elementor-widget__width-initial elementor-widget elementor-widget-image-carousel\" data-id=\"0716729\" data-element_type=\"widget\" data-e-type=\"widget\" data-settings=\"{&quot;slides_to_show&quot;:&quot;1&quot;,&quot;navigation&quot;:&quot;none&quot;,&quot;autoplay_speed&quot;:4000,&quot;effect&quot;:&quot;fade&quot;,&quot;autoplay&quot;:&quot;yes&quot;,&quot;pause_on_hover&quot;:&quot;yes&quot;,&quot;pause_on_interaction&quot;:&quot;yes&quot;,&quot;infinite&quot;:&quot;yes&quot;,&quot;speed&quot;:500}\" data-widget_type=\"image-carousel.default\">\n\t\t\t\t<div class=\"elementor-widget-container\">\n\t\t\t\t\t\t\t<div class=\"elementor-image-carousel-wrapper swiper\" role=\"region\" aria-roledescription=\"carousel\" aria-label=\"Carrusel de im\u00e1genes\" dir=\"ltr\">\n\t\t\t<div class=\"elementor-image-carousel swiper-wrapper\" aria-live=\"off\">\n\t\t\t\t\t\t\t\t<div class=\"swiper-slide\" role=\"group\" aria-roledescription=\"slide\" aria-label=\"1 of 16\"><figure class=\"swiper-slide-inner\"><img decoding=\"async\" class=\"swiper-slide-image\" src=\"https:\/\/marcelabellini.com\/wp-content\/uploads\/2026\/03\/Frailejones-y-Laguna-2-768x512.jpg\" alt=\"Frailejones y Laguna #2\" \/><\/figure><\/div><div class=\"swiper-slide\" role=\"group\" aria-roledescription=\"slide\" aria-label=\"2 of 16\"><figure class=\"swiper-slide-inner\"><img decoding=\"async\" class=\"swiper-slide-image\" src=\"https:\/\/marcelabellini.com\/wp-content\/uploads\/2026\/03\/Palmas-en-la-Niebla-2-768x512.jpg\" alt=\"Palmas en la Niebla #2\" \/><\/figure><\/div><div class=\"swiper-slide\" role=\"group\" aria-roledescription=\"slide\" aria-label=\"3 of 16\"><figure class=\"swiper-slide-inner\"><img decoding=\"async\" class=\"swiper-slide-image\" src=\"https:\/\/marcelabellini.com\/wp-content\/uploads\/2026\/03\/Frailejones-y-Laguna-1-768x512.jpg\" alt=\"Frailejones y Laguna #1\" \/><\/figure><\/div><div class=\"swiper-slide\" role=\"group\" aria-roledescription=\"slide\" aria-label=\"4 of 16\"><figure class=\"swiper-slide-inner\"><img decoding=\"async\" class=\"swiper-slide-image\" src=\"https:\/\/marcelabellini.com\/wp-content\/uploads\/2026\/03\/Flor-del-Frailejon-3-768x512.jpg\" alt=\"Flor del Frailejo\u0301n #3\" \/><\/figure><\/div><div class=\"swiper-slide\" role=\"group\" aria-roledescription=\"slide\" aria-label=\"5 of 16\"><figure class=\"swiper-slide-inner\"><img decoding=\"async\" class=\"swiper-slide-image\" src=\"https:\/\/marcelabellini.com\/wp-content\/uploads\/2026\/03\/Frailejon-en-Contraluz-2-768x512.jpg\" alt=\"Frailejo\u0301n en Contraluz #2\" \/><\/figure><\/div><div class=\"swiper-slide\" role=\"group\" aria-roledescription=\"slide\" aria-label=\"6 of 16\"><figure class=\"swiper-slide-inner\"><img decoding=\"async\" class=\"swiper-slide-image\" src=\"https:\/\/marcelabellini.com\/wp-content\/uploads\/2026\/03\/Flor-de-Frailejon-1-768x512.jpg\" alt=\"Flor de Frailejo\u0301n #1\" \/><\/figure><\/div><div class=\"swiper-slide\" role=\"group\" aria-roledescription=\"slide\" aria-label=\"7 of 16\"><figure class=\"swiper-slide-inner\"><img decoding=\"async\" class=\"swiper-slide-image\" src=\"https:\/\/marcelabellini.com\/wp-content\/uploads\/2026\/03\/Gotas-de-agua-sobre-pasto-2-768x512.jpg\" alt=\"Gotas de agua sobre pasto #2\" \/><\/figure><\/div><div class=\"swiper-slide\" role=\"group\" aria-roledescription=\"slide\" aria-label=\"8 of 16\"><figure class=\"swiper-slide-inner\"><img decoding=\"async\" class=\"swiper-slide-image\" src=\"https:\/\/marcelabellini.com\/wp-content\/uploads\/2026\/03\/Cladonia-Liquen-de-Paramo-2-768x512.jpg\" alt=\"Cladonia, Li\u0301quen de Paramo #2\" \/><\/figure><\/div><div class=\"swiper-slide\" role=\"group\" aria-roledescription=\"slide\" aria-label=\"9 of 16\"><figure class=\"swiper-slide-inner\"><img decoding=\"async\" class=\"swiper-slide-image\" src=\"https:\/\/marcelabellini.com\/wp-content\/uploads\/2026\/03\/Frailejones-2-768x512.jpg\" alt=\"Frailejones #2\" \/><\/figure><\/div><div class=\"swiper-slide\" role=\"group\" aria-roledescription=\"slide\" aria-label=\"10 of 16\"><figure class=\"swiper-slide-inner\"><img decoding=\"async\" class=\"swiper-slide-image\" src=\"https:\/\/marcelabellini.com\/wp-content\/uploads\/2026\/03\/Frailejones-y-Laguna-5-768x512.jpg\" alt=\"Frailejones y Laguna #5\" \/><\/figure><\/div><div class=\"swiper-slide\" role=\"group\" aria-roledescription=\"slide\" aria-label=\"11 of 16\"><figure class=\"swiper-slide-inner\"><img decoding=\"async\" class=\"swiper-slide-image\" src=\"https:\/\/marcelabellini.com\/wp-content\/uploads\/2026\/03\/Paisaje-de-Paramo-4-768x512.jpg\" alt=\"Paisaje de Pa\u0301ramo #4\" \/><\/figure><\/div><div class=\"swiper-slide\" role=\"group\" aria-roledescription=\"slide\" aria-label=\"12 of 16\"><figure class=\"swiper-slide-inner\"><img decoding=\"async\" class=\"swiper-slide-image\" src=\"https:\/\/marcelabellini.com\/wp-content\/uploads\/2026\/03\/Frailejones-y-laguna-3-768x512.jpg\" alt=\"Frailejones y laguna #3\" \/><\/figure><\/div><div class=\"swiper-slide\" role=\"group\" aria-roledescription=\"slide\" aria-label=\"13 of 16\"><figure class=\"swiper-slide-inner\"><img decoding=\"async\" class=\"swiper-slide-image\" src=\"https:\/\/marcelabellini.com\/wp-content\/uploads\/2026\/03\/Paisaje-de-Paramo-1-768x512.jpg\" alt=\"Paisaje de Pa\u0301ramo #1\" \/><\/figure><\/div><div class=\"swiper-slide\" role=\"group\" aria-roledescription=\"slide\" aria-label=\"14 of 16\"><figure class=\"swiper-slide-inner\"><img decoding=\"async\" class=\"swiper-slide-image\" src=\"https:\/\/marcelabellini.com\/wp-content\/uploads\/2026\/03\/Frailejones-4-768x512.jpg\" alt=\"Frailejones #4\" \/><\/figure><\/div><div class=\"swiper-slide\" role=\"group\" aria-roledescription=\"slide\" aria-label=\"15 of 16\"><figure class=\"swiper-slide-inner\"><img decoding=\"async\" class=\"swiper-slide-image\" src=\"https:\/\/marcelabellini.com\/wp-content\/uploads\/2026\/03\/Paisaje-de-Paramo-3-768x512.jpg\" alt=\"Paisaje de Pa\u0301ramo #3\" \/><\/figure><\/div><div class=\"swiper-slide\" role=\"group\" aria-roledescription=\"slide\" aria-label=\"16 of 16\"><figure class=\"swiper-slide-inner\"><img decoding=\"async\" class=\"swiper-slide-image\" src=\"https:\/\/marcelabellini.com\/wp-content\/uploads\/2026\/03\/Paisaje-de-Paramo-5-768x512.jpg\" alt=\"Paisaje de Pa\u0301ramo #5\" \/><\/figure><\/div>\t\t\t<\/div>\n\t\t\t\t\t\t\t\n\t\t\t\t\t\t\t\t\t<\/div>\n\t\t\t\t\t\t<\/div>\n\t\t\t\t<\/div>\n\t\t\t\t<\/div>\n\t\t\t\t\t<\/div>\n\t\t\t\t<\/div>\n\t\t<div class=\"elementor-element elementor-element-c34b33b e-con-full e-flex e-con e-parent\" data-id=\"c34b33b\" data-element_type=\"container\" data-e-type=\"container\" data-settings=\"{&quot;background_background&quot;:&quot;classic&quot;,&quot;jet_parallax_layout_list&quot;:[]}\">\n\t\t\t\t<div class=\"elementor-element elementor-element-8497f83 elementor-widget elementor-widget-heading\" data-id=\"8497f83\" data-element_type=\"widget\" data-e-type=\"widget\" data-widget_type=\"heading.default\">\n\t\t\t\t<div class=\"elementor-widget-container\">\n\t\t\t\t\t<h2 class=\"elementor-heading-title elementor-size-default\">PHOTOS SERIES<\/h2>\t\t\t\t<\/div>\n\t\t\t\t<\/div>\n\t\t\t\t<div class=\"elementor-element elementor-element-4e4a7924 elementor-widget elementor-widget-html\" data-id=\"4e4a7924\" data-element_type=\"widget\" data-e-type=\"widget\" data-widget_type=\"html.default\">\n\t\t\t\t<div class=\"elementor-widget-container\">\n\t\t\t\t\t<!-- Se Decide crear un Carrusel a codigo debido a que el tama\u00f1o de las img son diferentes -->\r\n<div class=\"carousel swiper\">\r\n  <div class=\"swiper-wrapper\">\r\n\r\n    <!-- Slide 1-->\r\n    <div class=\"swiper-slide\">\r\n      <div class=\"slide-content\">\r\n        <div class=\"image-container\">\r\n          <img decoding=\"async\" src=\"https:\/\/marcelabellini.com\/wp-content\/uploads\/2025\/10\/image-20.png\" alt=\"Dreamlike New York\">\r\n        <\/div>\r\n        <div class=\"text-content\">\r\n          <h3>Oneiric New York<\/h3>\r\n          <p>Tells a story of the city \u2013 both real and imagined \u2013 that begins within your own imagination.<\/p>\r\n          <a href=\"https:\/\/marcelabellini.com\/en\/series\/new-york-oneiric\/\">Explore series<\/a>\r\n        <\/div>\r\n      <\/div>\r\n    <\/div>\r\n\r\n    <!-- Slide 2-->\r\n    <div class=\"swiper-slide\">\r\n      <div class=\"slide-content\">\r\n        <div class=\"image-container\">\r\n          <img decoding=\"async\" src=\"https:\/\/marcelabellini.com\/wp-content\/uploads\/2025\/10\/image-21.png\" alt=\"Magical Realism\">\r\n        <\/div>\r\n        <div class=\"text-content\">\r\n          <h3>Magical Realism<\/h3>\r\n          <p>Is situated in the  colonial town of Mompox and celebrates the beauty of the Magdalena River.<\/p>\r\n          <a href=\"https:\/\/marcelabellini.com\/en\/series\/magical-realism\/\">Explore series<\/a>\r\n        <\/div>\r\n      <\/div>\r\n    <\/div>\r\n\r\n    <!-- Slide 3-->\r\n    <div class=\"swiper-slide\">\r\n      <div class=\"slide-content\">\r\n        <div class=\"image-container\">\r\n          <img decoding=\"async\" src=\"https:\/\/marcelabellini.com\/wp-content\/uploads\/2025\/11\/Frame-1000006133-1-1.png\" alt=\"Asia and the West\">\r\n        <\/div>\r\n        <div class=\"text-content\">\r\n          <h3>A Conversation Between Asia and the West<\/h3>\r\n          <p>Is a series of diptychs that establish a dialogue through compositions that partially correspond with one another.<\/p>\r\n          <a href=\"https:\/\/marcelabellini.com\/en\/series\/a-conversation-between-asia-and-the-west\/\">Explore series<\/a>\r\n        <\/div>\r\n      <\/div>\r\n    <\/div>\r\n\r\n    <!-- Slide 4-->\r\n    <div class=\"swiper-slide\">\r\n      <div class=\"slide-content\">\r\n        <div class=\"image-container\">\r\n          <img decoding=\"async\" src=\"https:\/\/marcelabellini.com\/wp-content\/uploads\/2025\/11\/Frame-1000006142-1-1.png\" alt=\"Nobody in Italy, labyrinth\">\r\n        <\/div>\r\n        <div class=\"text-content\">\r\n          <h3>Nobody in Italy, Labyrinth<\/h3>\r\n          <p>Is a tribute to the Bellini family name, through diptychs that invite the viewer to imagine worlds behind every door and every window.<\/p>\r\n          <a href=\"https:\/\/marcelabellini.com\/en\/series\/nobody-in-italy-labyrinth\/\">Explore series<\/a>\r\n        <\/div>\r\n      <\/div>\r\n    <\/div>\r\n\r\n    <!-- Slide 5-->\r\n    <div class=\"swiper-slide\">\r\n      <div class=\"slide-content\">\r\n        <div class=\"image-container\">\r\n          <img decoding=\"async\" src=\"https:\/\/marcelabellini.com\/wp-content\/uploads\/2025\/10\/image-46.png\" alt=\"Nobody in Orsomarso\">\r\n        <\/div>\r\n        <div class=\"text-content\">\r\n          <h3>Nobody in Orsomarso<\/h3>\r\n          <p>Orsomarso is a place where absence reveals its magic in every corner.<\/p>\r\n          <a href=\"https:\/\/marcelabellini.com\/en\/series\/nobody-in-orsomarso\/\">Explore series<\/a>\r\n        <\/div>\r\n      <\/div>\r\n    <\/div>\r\n\r\n    <!-- Slide 6-->\r\n    <div class=\"swiper-slide\">\r\n      <div class=\"slide-content\">\r\n        <div class=\"image-container\">\r\n          <img decoding=\"async\" src=\"https:\/\/marcelabellini.com\/wp-content\/uploads\/2025\/10\/image-47.png\" alt=\"Nobody in Italy\">\r\n        <\/div>\r\n        <div class=\"text-content\">\r\n          <h3>Nobody in Italy<\/h3>\r\n          <p>It's an invitation to walk through the suggestive landscapes of Tuscany.<\/p>\r\n          <a href=\"https:\/\/marcelabellini.com\/en\/series\/nobody-in-italy\/\">Explore series<\/a>\r\n        <\/div>\r\n      <\/div>\r\n    <\/div>\r\n\r\n    <!-- Slide 7-->\r\n    <div class=\"swiper-slide\">\r\n      <div class=\"slide-content\">\r\n        <div class=\"image-container\">\r\n          <img decoding=\"async\" src=\"https:\/\/marcelabellini.com\/wp-content\/uploads\/2025\/10\/image-48.png\" alt=\"Nobody II\">\r\n        <\/div>\r\n        <div class=\"text-content\">\r\n          <h3>Nobody II<\/h3>\r\n          <p>Corners of the world where absence expresses itself through beauty and perspective.<\/p>\r\n          <a href=\"https:\/\/marcelabellini.com\/en\/series\/nobody-ii\/\">Explore series<\/a>\r\n        <\/div>\r\n      <\/div>\r\n    <\/div>\r\n\r\n    <!-- Slide 8-->\r\n    <div class=\"swiper-slide\">\r\n      <div class=\"slide-content\">\r\n        <div class=\"image-container\">\r\n          <img decoding=\"async\" src=\"https:\/\/marcelabellini.com\/wp-content\/uploads\/2025\/10\/image-49.png\" alt=\"Nobody\">\r\n        <\/div>\r\n        <div class=\"text-content\">\r\n          <h3>Nobody<\/h3>\r\n          <p>The series that initiated this photographic journey through absence and beauty around the world.<\/p>\r\n          <a href=\"https:\/\/marcelabellini.com\/en\/series\/nobody\/\">Explore series<\/a>\r\n        <\/div>\r\n      <\/div>\r\n    <\/div>\r\n\r\n  <\/div>\r\n<\/div>\r\n<script>\r\ndocument.addEventListener('DOMContentLoaded', function() {\r\nconst swiper = new Swiper('.carousel', {\r\n  slidesPerView: 'auto',\r\n  spaceBetween: 10,\r\n  loop: true,\r\n  autoplay: {\r\n    delay: 4000,                \/\/ escritorio \/ tablet\r\n    disableOnInteraction: false\r\n  },\r\n  navigation: {\r\n    nextEl: '.swiper-button-next',\r\n    prevEl: '.swiper-button-prev'\r\n  },\r\n  pagination: {\r\n    el: '.swiper-pagination',\r\n    clickable: true\r\n  },\r\n  breakpoints: {\r\n    1024: { slidesPerView: 'auto' },\r\n    768:  { slidesPerView: 'auto' },\r\n    0:    { slidesPerView: 1 }\r\n  },\r\n  on: {\r\n    init: function() {\r\n      ajustarAnchoTexto();\r\n      ajustarAlturaSlides();\r\n\r\n      \/\/ Aumentar velocidad en m\u00f3viles\r\n      if (window.innerWidth <= 480) {\r\n        this.params.autoplay.delay = 2000; \/\/ m\u00e1s r\u00e1pido en m\u00f3vil\r\n        this.autoplay.stop();\r\n        this.autoplay.start();\r\n      }\r\n    },\r\n    resize: function() {\r\n      ajustarAnchoTexto();\r\n      ajustarAlturaSlides();\r\n\r\n      \/\/ Actualizar velocidad si cambian entre m\u00f3vil \/ escritorio\r\n      if (window.innerWidth <= 480) {\r\n        this.params.autoplay.delay = 2000;\r\n      } else {\r\n        this.params.autoplay.delay = 4000;\r\n      }\r\n      this.autoplay.stop();\r\n      this.autoplay.start();\r\n    }\r\n  }\r\n});\r\n\r\n  \r\n  function ajustarAnchoTexto() {\r\n    setTimeout(function() {\r\n      document.querySelectorAll('.carousel .swiper-slide').forEach(function(slide) {\r\n        const img = slide.querySelector('img');\r\n        const textContent = slide.querySelector('.text-content');\r\n        if (img && textContent && img.complete) {\r\n          const imgWidth = img.offsetWidth;\r\n          textContent.style.width = imgWidth + 'px';\r\n          textContent.style.maxWidth = imgWidth + 'px';\r\n        }\r\n      });\r\n    }, 200);\r\n  }\r\n\r\n  \/\/ NUEVO: igualar altura de todas las tarjetas\r\n  function ajustarAlturaSlides() {\r\n    setTimeout(function() {\r\n      const cards = document.querySelectorAll('.carousel .slide-content');\r\n      let maxHeight = 0;\r\n\r\n      \/\/ Resetear alturas para recalcular correctamente\r\n      cards.forEach(function(card) {\r\n        card.style.height = 'auto';\r\n      });\r\n\r\n      \/\/ Calcular la mayor altura\r\n      cards.forEach(function(card) {\r\n        const h = card.offsetHeight;\r\n        if (h > maxHeight) maxHeight = h;\r\n      });\r\n\r\n      \/\/ Asignar la misma altura a todas\r\n      cards.forEach(function(card) {\r\n        card.style.height = maxHeight + 'px';\r\n      });\r\n    }, 250);\r\n  }\r\n  \r\n  \/\/ Asegurar que se ajuste despu\u00e9s de que las im\u00e1genes carguen\r\n  window.addEventListener('load', function() {\r\n    ajustarAnchoTexto();\r\n    ajustarAlturaSlides();\r\n  });\r\n});\r\n<\/script>\r\n\r\n<style>\r\nh3{\r\n  color: #FFF;\r\n  font-family: Montserrat;\r\n  font-size: 15px;\r\n  font-style: normal;\r\n  font-weight: 700;\r\n  line-height: 140%;\r\n}\r\np{\r\n  color: #FFF;\r\n  font-family: Montserrat;\r\n  font-size: 15px;\r\n  font-style: normal;\r\n  font-weight: 400;\r\n  line-height: 140%;\r\n}\r\n.carousel {\r\n  width: 100%;\r\n  overflow: hidden;\r\n}\r\n.carousel .swiper-slide {\r\n  width: auto !important;\r\n  background: #000;\r\n  color: #fff;\r\n  text-align: left;          \/* \u2713 centramos texto por defecto *\/\r\n  margin: 0px 56px 0px 56px;\r\n  display: flex;\r\n  justify-content: center;     \/* \u2713 centramos el card dentro del slide *\/\r\n}\r\n.slide-content {\r\n  padding: 16px;\r\n  display: flex;\r\n  flex-direction: column;\r\n  height: 100%;\r\n  align-items: center;         \/* \u2713 centramos horizontalmente todo el contenido *\/\r\n  justify-content: center;     \/* \u2713 centramos verticalmente dentro de la card *\/\r\n  border: 1px solid rgba(255, 255, 255, 0.20);\r\n  box-sizing: border-box;\r\n}\r\n.image-container {\r\n  width: 100%;\r\n  height: 300px;\r\n  display: flex;\r\n  align-items: center;\r\n  justify-content: center;     \/* \u2713 centramos la imagen dentro del contenedor *\/\r\n  margin-bottom: 8px;\r\n  background: #000;\r\n}\r\n.slide-content img {\r\n  max-height: 100%;\r\n  height: 100%;\r\n  width: auto;\r\n  object-fit: contain;\r\n  display: block;\r\n}\r\n.text-content {\r\n  width: 100%;\r\n  max-width: 100%;\r\n  display: block;\r\n  text-align: left;          \/* \u2713 texto centrado *\/\r\n}\r\n.slide-content h3 {\r\n  font-weight: 600;\r\n  margin-bottom: 4px;\r\n  word-wrap: break-word;\r\n  overflow-wrap: break-word;\r\n}\r\n.slide-content p {\r\n  margin-bottom: 6px;\r\n  font-size: 15px;\r\n  line-height: 1.4em;\r\n  word-wrap: break-word;\r\n  overflow-wrap: break-word;\r\n}\r\n.slide-content a {\r\n  color: #fff;\r\n  font-weight: 600;\r\n  text-decoration: underline;\r\n  display: inline-block;\r\n}\r\n\r\n\/* Ajustes responsive *\/\r\n@media (max-width: 768px) {\r\n  .image-container {\r\n    height: 250px;\r\n  }\r\n  .slide-content {\r\n    padding: 0px;\r\n  }\r\n}\r\n@media (max-width: 480px) {\r\n  .image-container {\r\n    height: 200px;\r\n  }\r\n  .slide-content {\r\n    padding: 16px;\r\n  }\r\n  .carousel .swiper-slide {\r\n    width: 100% !important;\r\n    margin: 0;\r\n  }\r\n  .text-content {\r\n    width: 100% !important;\r\n    max-width: 100% !important;\r\n  }\r\n}\r\n\r\n<\/style>\t\t\t\t<\/div>\n\t\t\t\t<\/div>\n\t\t\t\t<\/div>\n\t\t\t\t<\/div>\n\t\t","protected":false},"excerpt":{"rendered":"<p>NOBODY PHOTOGRAPHY My art work is called Nobody Photography\u00a0because it is an investigation about\u00a0absence. It is an intimate exploration between the observer and the surrounding world. I print on different materials making each of my series unique. My black and white images tell stories where perspective and light are the protagonists. Welcome to the world [&hellip;]<\/p>\n","protected":false},"author":3,"featured_media":0,"parent":0,"menu_order":0,"comment_status":"closed","ping_status":"closed","template":"elementor_header_footer","meta":{"_seopress_robots_primary_cat":"","_seopress_titles_title":"","_seopress_titles_desc":"","_seopress_robots_index":"","inline_featured_image":false,"footnotes":""},"class_list":["post-2949","page","type-page","status-publish","hentry"],"_links":{"self":[{"href":"https:\/\/marcelabellini.com\/en\/wp-json\/wp\/v2\/pages\/2949","targetHints":{"allow":["GET"]}}],"collection":[{"href":"https:\/\/marcelabellini.com\/en\/wp-json\/wp\/v2\/pages"}],"about":[{"href":"https:\/\/marcelabellini.com\/en\/wp-json\/wp\/v2\/types\/page"}],"author":[{"embeddable":true,"href":"https:\/\/marcelabellini.com\/en\/wp-json\/wp\/v2\/users\/3"}],"replies":[{"embeddable":true,"href":"https:\/\/marcelabellini.com\/en\/wp-json\/wp\/v2\/comments?post=2949"}],"version-history":[{"count":66,"href":"https:\/\/marcelabellini.com\/en\/wp-json\/wp\/v2\/pages\/2949\/revisions"}],"predecessor-version":[{"id":7686,"href":"https:\/\/marcelabellini.com\/en\/wp-json\/wp\/v2\/pages\/2949\/revisions\/7686"}],"wp:attachment":[{"href":"https:\/\/marcelabellini.com\/en\/wp-json\/wp\/v2\/media?parent=2949"}],"curies":[{"name":"wp","href":"https:\/\/api.w.org\/{rel}","templated":true}]}}